{"id":23,"date":"2020-12-30T15:55:27","date_gmt":"2020-12-30T15:55:27","guid":{"rendered":"http:\/\/aktiv-coaching.ch\/?page_id=23"},"modified":"2021-01-05T20:32:17","modified_gmt":"2021-01-05T19:32:17","slug":"kontakt","status":"publish","type":"page","link":"https:\/\/aktiv-coaching.ch\/fr\/kontakt\/","title":{"rendered":"Contactez"},"content":{"rendered":"<\/p>\n<\/p>\n\r\n        \r\n\r\n                <form class=\"wpuf-form-add weforms-540  wpuf-style\" action=\"\" method=\"post\"   id=\"\">\r\n\r\n            <ul class=\"wpuf-form form-label-above\">\r\n\r\n                        <li class=\"wpuf-el your-name\" data-label=\"Nom Pr\u00e9nom\">\r\n                    <div class=\"wpuf-label\">\r\n            <label for=\"your-name_540\">Nom Pr\u00e9nom <span class=\"required\">*<\/span><\/label>\r\n        <\/div>\r\n        \r\n            <div class=\"wpuf-fields\">\r\n                <input\r\n                    class=\"textfield wpuf_your-name_540\"\r\n                    id=\"your-name_540\"\r\n                    type=\"text\"\r\n                    data-duplicate=\"no\"\r\n                    data-required=\"yes\"\r\n                    data-type=\"text\" name=\"your-name\"\r\n                    placeholder=\"\"\r\n                    value=\"\"\r\n                    size=\"\"\r\n                    data-style=\"wpuf-style\"\r\n                \/>\r\n\r\n                <span class=\"wpuf-wordlimit-message wpuf-help\"><\/span>\r\n                            <\/div>\r\n                    <\/li>\r\n                <li class=\"wpuf-el your-email\" data-label=\"E-Mail\">\r\n                    <div class=\"wpuf-label\">\r\n            <label for=\"your-email_540\">E-Mail <span class=\"required\">*<\/span><\/label>\r\n        <\/div>\r\n        \r\n            <div class=\"wpuf-fields\">\r\n                <input\r\n                    id=\"your-email_540\"\r\n                    type=\"email\"\r\n                    class=\"email  wpuf_your-email_540\"\r\n                    data-duplicate=\"no\"\r\n                    data-required=\"yes\"\r\n                    data-type=\"email\"\r\n                    data-style=\"wpuf-style\"\r\n                    name=\"your-email\"\r\n                    placeholder=\"\"\r\n                    value=\"\"\r\n                    size=\"\"\r\n                    autocomplete=\"email\"\r\n                \/>\r\n                            <\/div>\r\n        <\/li>\r\n                <li class=\"wpuf-el num_ro_de_t_l_phone field-size-large\" data-label=\"Num\u00e9ro de t\u00e9l\u00e9phone\">\r\n                    <div class=\"wpuf-label\">\r\n            <label for=\"num_ro_de_t_l_phone_540\">Num\u00e9ro de t\u00e9l\u00e9phone<\/label>\r\n        <\/div>\r\n        \r\n            <div class=\"wpuf-fields\">\r\n                <input\r\n                    class=\"textfield wpuf_num_ro_de_t_l_phone_540\"\r\n                    id=\"num_ro_de_t_l_phone_540\"\r\n                    type=\"text\"\r\n                    data-duplicate=\"no\"\r\n                    data-required=\"no\"\r\n                    data-type=\"text\" name=\"num_ro_de_t_l_phone\"\r\n                    placeholder=\"\"\r\n                    value=\"\"\r\n                    size=\"40\"\r\n                    data-style=\"wpuf-style\"\r\n                \/>\r\n\r\n                <span class=\"wpuf-wordlimit-message wpuf-help\"><\/span>\r\n                            <\/div>\r\n                    <\/li>\r\n                <li class=\"wpuf-el your-subject\" data-label=\"Message objet\">\r\n                    <div class=\"wpuf-label\">\r\n            <label for=\"your-subject_540\">Message objet <span class=\"required\">*<\/span><\/label>\r\n        <\/div>\r\n        \r\n            <div class=\"wpuf-fields\">\r\n                <input\r\n                    class=\"textfield wpuf_your-subject_540\"\r\n                    id=\"your-subject_540\"\r\n                    type=\"text\"\r\n                    data-duplicate=\"no\"\r\n                    data-required=\"yes\"\r\n                    data-type=\"text\" name=\"your-subject\"\r\n                    placeholder=\"\"\r\n                    value=\"\"\r\n                    size=\"\"\r\n                    data-style=\"wpuf-style\"\r\n                \/>\r\n\r\n                <span class=\"wpuf-wordlimit-message wpuf-help\"><\/span>\r\n                            <\/div>\r\n                    <\/li>\r\n                <li class=\"wpuf-el your-message\" data-label=\"Message\">\r\n                    <div class=\"wpuf-label\">\r\n            <label for=\"your-message_540\">Message <span class=\"required\">*<\/span><\/label>\r\n        <\/div>\r\n                                    <div class=\"wpuf-fields\">\r\n            \r\n                                    <textarea\r\n                        class=\"textareafield  wpuf_your-message_540\"\r\n                        id=\"your-message_540\"\r\n                        name=\"your-message\"\r\n                        data-required=\"yes\"\r\n                        data-type=\"textarea\"\r\n                        placeholder=\"\"\r\n                        rows=\"5\"\r\n                        cols=\"25\"\r\n                        data-style=\"wpuf-style\"\r\n                    ><\/textarea>\r\n                    <span class=\"wpuf-wordlimit-message wpuf-help\"><\/span>\r\n\r\n                \r\n                        <\/div><\/li>\r\n                <li class=\"wpuf-submit\">\r\n            <div class=\"wpuf-label\">\r\n                \u00a0\r\n            <\/div>\r\n\r\n            <input type=\"hidden\" id=\"_wpnonce\" name=\"_wpnonce\" value=\"499a295dbd\" \/><input type=\"hidden\" name=\"_wp_http_referer\" value=\"\/fr\/wp-json\/wp\/v2\/pages\/23\" \/>\r\n            <input type=\"hidden\" name=\"form_id\" value=\"540\">\r\n            <input type=\"hidden\" name=\"page_id\" value=\"23\">\r\n            <input type=\"hidden\" name=\"action\" value=\"weforms_frontend_submit\">\r\n\r\n                            <input type=\"hidden\" name=\"weforms-front-report\" value=\"no\">\r\n            \r\n            \r\n                            <input type=\"submit\" class=\"weforms_submit_btn wpuf_submit_540\" name=\"submit\" value=\"Envoyer\" \/>\r\n                    <\/li>\r\n                <\/ul>\r\n\r\n        <\/form>\r\n                \n<\/p><\/p>\n","protected":false},"excerpt":{"rendered":"","protected":false},"author":2,"featured_media":509,"parent":0,"menu_order":0,"comment_status":"closed","ping_status":"closed","template":"","meta":{"footnotes":""},"class_list":["post-23","page","type-page","status-publish","has-post-thumbnail","hentry"],"_links":{"self":[{"href":"https:\/\/aktiv-coaching.ch\/fr\/wp-json\/wp\/v2\/pages\/23","targetHints":{"allow":["GET"]}}],"collection":[{"href":"https:\/\/aktiv-coaching.ch\/fr\/wp-json\/wp\/v2\/pages"}],"about":[{"href":"https:\/\/aktiv-coaching.ch\/fr\/wp-json\/wp\/v2\/types\/page"}],"author":[{"embeddable":true,"href":"https:\/\/aktiv-coaching.ch\/fr\/wp-json\/wp\/v2\/users\/2"}],"replies":[{"embeddable":true,"href":"https:\/\/aktiv-coaching.ch\/fr\/wp-json\/wp\/v2\/comments?post=23"}],"version-history":[{"count":15,"href":"https:\/\/aktiv-coaching.ch\/fr\/wp-json\/wp\/v2\/pages\/23\/revisions"}],"predecessor-version":[{"id":547,"href":"https:\/\/aktiv-coaching.ch\/fr\/wp-json\/wp\/v2\/pages\/23\/revisions\/547"}],"wp:featuredmedia":[{"embeddable":true,"href":"https:\/\/aktiv-coaching.ch\/fr\/wp-json\/wp\/v2\/media\/509"}],"wp:attachment":[{"href":"https:\/\/aktiv-coaching.ch\/fr\/wp-json\/wp\/v2\/media?parent=23"}],"curies":[{"name":"wp","href":"https:\/\/api.w.org\/{rel}","templated":true}]}}